{"id":1589,"date":"2024-06-18T23:21:48","date_gmt":"2024-06-18T23:21:48","guid":{"rendered":"https:\/\/finanztext.com\/?page_id=1589"},"modified":"2024-10-18T16:48:01","modified_gmt":"2024-10-18T16:48:01","slug":"e-book-investment-writing","status":"publish","type":"page","link":"https:\/\/finanztext.com\/de\/e-book-investment-writing\/","title":{"rendered":"E-BOOK"},"content":{"rendered":"<p>[et_pb_section fb_built=&#8220;1&#8243; admin_label=&#8220;Hero&#8220; _builder_version=&#8220;4.16&#8243; custom_padding=&#8220;0px|0px|0px|0px&#8220; animation_style=&#8220;zoom&#8220; animation_intensity_zoom=&#8220;4%&#8220; locked=&#8220;off&#8220; global_colors_info=&#8220;{}&#8220;][et_pb_row column_structure=&#8220;1_2,1_2&#8243; use_custom_gutter=&#8220;on&#8220; gutter_width=&#8220;1&#8243; make_equal=&#8220;on&#8220; custom_padding_last_edited=&#8220;on|phone&#8220; module_class=&#8220; et_pb_row_fullwidth&#8220; _builder_version=&#8220;4.24.2&#8243; background_enable_color=&#8220;off&#8220; use_background_color_gradient=&#8220;on&#8220; background_color_gradient_direction=&#8220;307deg&#8220; background_enable_image=&#8220;off&#8220; width=&#8220;100%&#8220; width_tablet=&#8220;100%&#8220; width_phone=&#8220;100%&#8220; width_last_edited=&#8220;on|desktop&#8220; max_width=&#8220;100%&#8220; max_width_tablet=&#8220;100%&#8220; max_width_phone=&#8220;100%&#8220; max_width_last_edited=&#8220;on|desktop&#8220; custom_padding=&#8220;0px||0px|&#8220; custom_padding_tablet=&#8220;0px||0px|&#8220; custom_padding_phone=&#8220;||0px||false|false&#8220; animation_style=&#8220;slide&#8220; animation_direction=&#8220;top&#8220; animation_intensity_slide=&#8220;3%&#8220; make_fullwidth=&#8220;on&#8220; locked=&#8220;off&#8220; global_colors_info=&#8220;{}&#8220;][et_pb_column type=&#8220;1_2&#8243; _builder_version=&#8220;4.24.2&#8243; use_background_color_gradient=&#8220;on&#8220; background_color_gradient_stops=&#8220;#11bfa7 0%|#0e9986 100%&#8220; custom_padding=&#8220;5%|6%|5%|10%|false|false&#8220; global_colors_info=&#8220;{}&#8220; custom_padding__hover=&#8220;|||&#8220;][et_pb_text _builder_version=&#8220;4.24.2&#8243; text_font=&#8220;||||||||&#8220; header_font=&#8220;Montserrat|700|||||||&#8220; header_text_color=&#8220;#f7f7f7&#8243; header_font_size=&#8220;39px&#8220; header_line_height=&#8220;1.3em&#8220; custom_margin=&#8220;0px||||false|false&#8220; custom_margin_tablet=&#8220;0px||||false|false&#8220; custom_margin_phone=&#8220;||0px||false|false&#8220; custom_margin_last_edited=&#8220;on|phone&#8220; custom_padding=&#8220;8%||0px||false|false&#8220; animation_style=&#8220;fade&#8220; header_font_size_tablet=&#8220;42px&#8220; header_font_size_phone=&#8220;26px&#8220; header_font_size_last_edited=&#8220;on|phone&#8220; header_line_height_tablet=&#8220;1.3em&#8220; header_line_height_phone=&#8220;1.3em&#8220; header_line_height_last_edited=&#8220;on|phone&#8220; locked=&#8220;off&#8220; global_colors_info=&#8220;{}&#8220;]<\/p>\n<h1>Wie sich mit Investment Writing verkaufen l\u00e4sst<\/h1>\n<p>[\/et_pb_text][et_pb_text _builder_version=&#8220;4.24.2&#8243; text_font=&#8220;Montserrat||||&#8220; text_text_color=&#8220;#f8f8f8&#8243; text_font_size=&#8220;20px&#8220; text_line_height=&#8220;1.8em&#8220; header_font=&#8220;||||||||&#8220; custom_margin=&#8220;||50px|&#8220; custom_margin_tablet=&#8220;||50px|&#8220; custom_margin_phone=&#8220;||25px||false|false&#8220; custom_margin_last_edited=&#8220;on|phone&#8220; animation_style=&#8220;slide&#8220; animation_direction=&#8220;top&#8220; animation_intensity_slide=&#8220;17%&#8220; locked=&#8220;off&#8220; global_colors_info=&#8220;{}&#8220;]<\/p>\n<p>Investment Writing ist entscheidend f\u00fcr die Vermittlung von Fachwissen und den Aufbau einer Marke f\u00fcr Investmentgesellschaften. Aber was macht guten Investment-Content aus? Wie erreicht er Ihre Zielgruppe? Und wie gewinnen Sie neue Investoren mit attraktiven Investmentinhalten?<\/p>\n<p>[\/et_pb_text][\/et_pb_column][et_pb_column type=&#8220;1_2&#8243; _builder_version=&#8220;4.24.2&#8243; background_color=&#8220;RGBA(255,255,255,0)&#8220; background_image=&#8220;https:\/\/finanztext.com\/wp-content\/uploads\/2024\/03\/Hero-Banner-scaled.jpg&#8220; custom_padding=&#8220;|||&#8220; custom_padding_tablet=&#8220;|||&#8220; custom_padding_phone=&#8220;||||true|false&#8220; custom_padding_last_edited=&#8220;on|phone&#8220; global_colors_info=&#8220;{}&#8220; custom_padding__hover=&#8220;|||&#8220;][et_pb_divider show_divider=&#8220;off&#8220; _builder_version=&#8220;4.24.2&#8243; _module_preset=&#8220;default&#8220; custom_padding=&#8220;0px||0px||false|false&#8220; custom_padding_tablet=&#8220;0px||0px||false|false&#8220; custom_padding_phone=&#8220;25%||25%||true|false&#8220; custom_padding_last_edited=&#8220;on|phone&#8220; global_colors_info=&#8220;{}&#8220;][\/et_pb_divider][\/et_pb_column][\/et_pb_row][\/et_pb_section][et_pb_section fb_built=&#8220;1&#8243; _builder_version=&#8220;4.24.2&#8243; _module_preset=&#8220;default&#8220; background_enable_image=&#8220;off&#8220; custom_padding=&#8220;||0px||false|false&#8220; locked=&#8220;off&#8220; global_colors_info=&#8220;{}&#8220;][et_pb_row column_structure=&#8220;3_5,2_5&#8243; _builder_version=&#8220;4.24.2&#8243; _module_preset=&#8220;default&#8220; max_width=&#8220;80%&#8220; global_colors_info=&#8220;{}&#8220;][et_pb_column type=&#8220;3_5&#8243; _builder_version=&#8220;4.24.2&#8243; _module_preset=&#8220;default&#8220; global_colors_info=&#8220;{}&#8220;][et_pb_text _builder_version=&#8220;4.27.0&#8243; text_font=&#8220;Montserrat||||||||&#8220; text_text_color=&#8220;#333e4a&#8220; text_font_size=&#8220;16px&#8220; text_line_height=&#8220;1.8em&#8220; link_font=&#8220;||||on||||&#8220; link_text_color=&#8220;#333e4a&#8220; header_2_font=&#8220;Montserrat||||||||&#8220; header_2_font_size=&#8220;28px&#8220; header_2_line_height=&#8220;1.4em&#8220; header_3_font=&#8220;Montserrat||||||||&#8220; background_size=&#8220;initial&#8220; background_position=&#8220;top_left&#8220; background_repeat=&#8220;repeat&#8220; width=&#8220;100%&#8220; module_alignment=&#8220;center&#8220; custom_padding=&#8220;0px|||||&#8220; animation_style=&#8220;fade&#8220; animation_direction=&#8220;top&#8220; hover_enabled=&#8220;0&#8243; locked=&#8220;off&#8220; global_colors_info=&#8220;{}&#8220; sticky_enabled=&#8220;0&#8243;]<\/p>\n<h2 style=\"text-align: left;\"><strong>Investoren mit \u00fcberzeugendem Investment Writing gewinnen<\/strong><\/h2>\n<p><strong><\/strong><\/p>\n<p>Erfahren Sie mehr in unserem E-Book:<\/p>\n<p>[\/et_pb_text][et_pb_blurb title=&#8220;Wie Sie Ihre Marketing-Strategie entwickeln&#8220; use_icon=&#8220;on&#8220; font_icon=&#8220;&#xf058;||fa||900&#8243; icon_color=&#8220;#01917a&#8220; icon_placement=&#8220;left&#8220; image_icon_width=&#8220;20px&#8220; content_max_width=&#8220;100%&#8220; _builder_version=&#8220;4.24.2&#8243; _module_preset=&#8220;default&#8220; header_font=&#8220;Montserrat||||||||&#8220; header_font_size=&#8220;16px&#8220; header_line_height=&#8220;1.2em&#8220; image_icon_custom_margin=&#8220;||||false|false&#8220; image_icon_custom_padding=&#8220;||||false|false&#8220; custom_margin=&#8220;||2%||false|false&#8220; custom_padding=&#8220;||||false|false&#8220; global_colors_info=&#8220;{}&#8220;][\/et_pb_blurb][et_pb_blurb title=&#8220;Bew\u00e4hrte Verfahren f\u00fcr erfolgreiches Content Marketing&#8220; use_icon=&#8220;on&#8220; font_icon=&#8220;&#xf058;||fa||900&#8243; icon_color=&#8220;#01917a&#8220; icon_placement=&#8220;left&#8220; image_icon_width=&#8220;20px&#8220; content_max_width=&#8220;100%&#8220; _builder_version=&#8220;4.24.2&#8243; _module_preset=&#8220;default&#8220; header_font=&#8220;Montserrat||||||||&#8220; header_font_size=&#8220;16px&#8220; header_line_height=&#8220;1.2em&#8220; image_icon_custom_margin=&#8220;||||false|false&#8220; image_icon_custom_padding=&#8220;||||false|false&#8220; custom_margin=&#8220;||2%||false|false&#8220; custom_padding=&#8220;||||false|false&#8220; global_colors_info=&#8220;{}&#8220;][\/et_pb_blurb][et_pb_blurb title=&#8220;Tools, die Sie f\u00fcr Ihr Content Marketing nutzen sollten&#8220; use_icon=&#8220;on&#8220; font_icon=&#8220;&#xf058;||fa||900&#8243; icon_color=&#8220;#01917a&#8220; icon_placement=&#8220;left&#8220; image_icon_width=&#8220;20px&#8220; content_max_width=&#8220;100%&#8220; _builder_version=&#8220;4.24.2&#8243; _module_preset=&#8220;default&#8220; header_font=&#8220;Montserrat||||||||&#8220; header_font_size=&#8220;16px&#8220; header_line_height=&#8220;1.2em&#8220; image_icon_custom_margin=&#8220;||||false|false&#8220; image_icon_custom_padding=&#8220;||||false|false&#8220; custom_margin=&#8220;||2%||false|false&#8220; custom_padding=&#8220;||||false|false&#8220; global_colors_info=&#8220;{}&#8220;][\/et_pb_blurb][et_pb_blurb title=&#8220;Die Kan\u00e4le, \u00fcber die Sie Investoren erreichen k\u00f6nnen&#8220; use_icon=&#8220;on&#8220; font_icon=&#8220;&#xf058;||fa||900&#8243; icon_color=&#8220;#01917a&#8220; icon_placement=&#8220;left&#8220; image_icon_width=&#8220;20px&#8220; content_max_width=&#8220;100%&#8220; _builder_version=&#8220;4.24.2&#8243; _module_preset=&#8220;default&#8220; header_font=&#8220;Montserrat||||||||&#8220; header_font_size=&#8220;16px&#8220; header_line_height=&#8220;1.2em&#8220; image_icon_custom_margin=&#8220;||||false|false&#8220; image_icon_custom_padding=&#8220;||||false|false&#8220; custom_margin=&#8220;||2%||false|false&#8220; custom_padding=&#8220;||||false|false&#8220; global_colors_info=&#8220;{}&#8220;][\/et_pb_blurb][et_pb_blurb title=&#8220;Wie Sie den Erfolg Ihres Investment Writing messen k\u00f6nnen&#8220; use_icon=&#8220;on&#8220; font_icon=&#8220;&#xf058;||fa||900&#8243; icon_color=&#8220;#01917a&#8220; icon_placement=&#8220;left&#8220; image_icon_width=&#8220;20px&#8220; content_max_width=&#8220;100%&#8220; _builder_version=&#8220;4.24.2&#8243; _module_preset=&#8220;default&#8220; header_font=&#8220;Montserrat||||||||&#8220; header_font_size=&#8220;16px&#8220; header_line_height=&#8220;1.2em&#8220; image_icon_custom_margin=&#8220;||||false|false&#8220; image_icon_custom_padding=&#8220;||||false|false&#8220; custom_margin=&#8220;||2%||false|false&#8220; custom_padding=&#8220;||||false|false&#8220; global_colors_info=&#8220;{}&#8220;][\/et_pb_blurb][\/et_pb_column][et_pb_column type=&#8220;2_5&#8243; _builder_version=&#8220;4.24.2&#8243; _module_preset=&#8220;default&#8220; global_colors_info=&#8220;{}&#8220;][et_pb_image src=&#8220;https:\/\/finanztext.com\/wp-content\/uploads\/2024\/07\/eBook-Tablet.png&#8220; title_text=&#8220;eBook Tablet&#8220; align_tablet=&#8220;&#8220; align_phone=&#8220;center&#8220; align_last_edited=&#8220;on|phone&#8220; _builder_version=&#8220;4.24.2&#8243; _module_preset=&#8220;default&#8220; width=&#8220;65%&#8220; custom_padding_tablet=&#8220;&#8220; custom_padding_phone=&#8220;4%||||false|false&#8220; custom_padding_last_edited=&#8220;on|phone&#8220; global_colors_info=&#8220;{}&#8220;][\/et_pb_image][\/et_pb_column][\/et_pb_row][\/et_pb_section][et_pb_section fb_built=&#8220;1&#8243; _builder_version=&#8220;4.24.2&#8243; _module_preset=&#8220;default&#8220; custom_margin=&#8220;0px||||false|false&#8220; custom_padding=&#8220;0px||||false|false&#8220; locked=&#8220;off&#8220; global_colors_info=&#8220;{}&#8220;][et_pb_row column_structure=&#8220;1_2,1_2&#8243; _builder_version=&#8220;4.24.2&#8243; _module_preset=&#8220;default&#8220; max_width=&#8220;80%&#8220; global_colors_info=&#8220;{}&#8220;][et_pb_column type=&#8220;1_2&#8243; _builder_version=&#8220;4.24.2&#8243; _module_preset=&#8220;default&#8220; custom_padding=&#8220;|10%|||false|false&#8220; custom_padding_tablet=&#8220;|10%|||false|false&#8220; custom_padding_phone=&#8220;|0%|||false|false&#8220; custom_padding_last_edited=&#8220;on|desktop&#8220; global_colors_info=&#8220;{}&#8220;][et_pb_text _builder_version=&#8220;4.27.0&#8243; _module_preset=&#8220;default&#8220; text_font_size=&#8220;22px&#8220; hover_enabled=&#8220;0&#8243; global_colors_info=&#8220;{}&#8220; sticky_enabled=&#8220;0&#8243;]<\/p>\n<p><span data-metadata=\"&lt;!--(figmeta)eyJmaWxlS2V5IjoiejVNWlJLbGF3c2tpdHV1TkJpd3JhcSIsInBhc3RlSUQiOjUzODUzNjE5OCwiZGF0YVR5cGUiOiJzY2VuZSJ9Cg==(\/figmeta)--&gt;\"><\/span><strong>E-Book downloaden<\/strong><\/p>\n<p>[\/et_pb_text][et_pb_code _builder_version=&#8220;4.27.0&#8243; _module_preset=&#8220;default&#8220; global_colors_info=&#8220;{}&#8220;]                <form id=\"sib_signup_form_4\" method=\"post\" class=\"sib_signup_form\">\n                    <div class=\"sib_loader\" style=\"display:none;\"><img decoding=\"async\"\n                                src=\"https:\/\/finanztext.com\/wp-includes\/images\/spinner.gif\" alt=\"loader\"><\/div>\n                    <input type=\"hidden\" name=\"sib_form_action\" value=\"subscribe_form_submit\">\n                    <input type=\"hidden\" name=\"sib_form_id\" value=\"4\">\n                    <input type=\"hidden\" name=\"sib_form_alert_notice\" value=\"Bitte f\u00fcllen Sie dieses Feld aus\">\n                    <input type=\"hidden\" name=\"sib_form_invalid_email_notice\" value=\"Ihre E-Mail Adresse ist ung\u00fcltig\">\n                    <input type=\"hidden\" name=\"sib_security\" value=\"eae97968df\">\n                    <div class=\"sib_signup_box_inside_4\">\n                        <div style=\"\/*display:none*\/\" class=\"sib_msg_disp\">\n                        <\/div>\n                                                <div class=\"fine-e-book-download\">\r\n<p class=\"sib-FIRSTNAME-area\"> \r\n    <input type=\"text\" class=\"sib-FIRSTNAME-area text-input\" name=\"FIRSTNAME\" placeholder=\"Vorname\" required=\"required\"> \r\n<\/p>\r\n\r\n<p class=\"sib-LASTNAME-area\"> \r\n    \r\n    <input type=\"text\" class=\"sib-LASTNAME-area text-input\" name=\"LASTNAME\" placeholder=\"Nachname\" required=\"required\"> \r\n<\/p>\r\n<p class=\"sib-email-area\">\r\n   \r\n    <input type=\"email\" class=\"sib-email-area text-input\" name=\"email\" required=\"required\" placeholder=\"E-mail\">\r\n<\/p>\r\n\r\n<p class=\"sib-COMPANY_NAME-area\"> \r\n    <input type=\"text\" class=\"sib-COMPANY_NAME-area text-input\" name=\"COMPANY_NAME\" placeholder=\"Unternehmen\"> \r\n<\/p>\r\n<div class=\"cf-turnstile\" data-sitekey=\"0x4AAAAAAAgPlJGjly53eKpV\"><\/div>\r\n<p>\r\n    <input type=\"submit\" class=\"sib-default-btn\" value=\"E-Book runterladen\">\r\n<\/p>\r\n<p>Ihre E-Mail-Adresse wird ausschlie\u00dflich f\u00fcr den Versand unseres Newsletters und Informationen \u00fcber die Aktivit\u00e4ten von Finanztext verwendet. Sie k\u00f6nnen jederzeit den im Newsletter enthaltenen Abmeldelink nutzen.<\/p>\r\n<\/div>                    <\/div>\n                <\/form>\n                <style>\n                    form#sib_signup_form_4 p.sib-alert-message {\n    padding: 6px 12px;\n    margin-bottom: 20px;\n    border: 1px solid transparent;\n    border-radius: 4px;\n    -webkit-box-sizing: border-box;\n    -moz-box-sizing: border-box;\n    box-sizing: border-box;\n}\nform#sib_signup_form_4 p.sib-alert-message-error {\n    background-color: #f2dede;\n    border-color: #ebccd1;\n    color: #a94442;\n}\nform#sib_signup_form_4 p.sib-alert-message-success {\n    background-color: #dff0d8;\n    border-color: #d6e9c6;\n    color: #3c763d;\n}\nform#sib_signup_form_4 p.sib-alert-message-warning {\n    background-color: #fcf8e3;\n    border-color: #faebcc;\n    color: #8a6d3b;\n}\n                <\/style>\n                [\/et_pb_code][\/et_pb_column][et_pb_column type=&#8220;1_2&#8243; _builder_version=&#8220;4.24.2&#8243; _module_preset=&#8220;default&#8220; global_colors_info=&#8220;{}&#8220;][\/et_pb_column][\/et_pb_row][\/et_pb_section]<\/p>\n","protected":false},"excerpt":{"rendered":"<p>Wie sich mit Investment Writing verkaufen l\u00e4sstInvestment Writing ist entscheidend f\u00fcr die Vermittlung von Fachwissen und den Aufbau einer Marke f\u00fcr Investmentgesellschaften. Aber was macht guten Investment-Content aus? Wie erreicht er Ihre Zielgruppe? Und wie gewinnen Sie neue Investoren mit attraktiven Investmentinhalten?Investoren mit \u00fcberzeugendem Investment Writing gewinnen Erfahren Sie mehr in unserem E-Book:E-Book downloaden                <form id=\"sib_signup_form_4\" method=\"post\" class=\"sib_signup_form\">\n                    <div class=\"sib_loader\" style=\"display:none;\"><img decoding=\"async\"\n                                src=\"https:\/\/finanztext.com\/wp-includes\/images\/spinner.gif\" alt=\"loader\"><\/div>\n                    <input type=\"hidden\" name=\"sib_form_action\" value=\"subscribe_form_submit\">\n                    <input type=\"hidden\" name=\"sib_form_id\" value=\"4\">\n                    <input type=\"hidden\" name=\"sib_form_alert_notice\" value=\"Bitte f\u00fcllen Sie dieses Feld aus\">\n                    <input type=\"hidden\" name=\"sib_form_invalid_email_notice\" value=\"Ihre E-Mail Adresse ist ung\u00fcltig\">\n                    <input type=\"hidden\" name=\"sib_security\" value=\"eae97968df\">\n                    <div class=\"sib_signup_box_inside_4\">\n                        <div style=\"\/*display:none*\/\" class=\"sib_msg_disp\">\n                        <\/div>\n                                                <div class=\"fine-e-book-download\">\r\n<p class=\"sib-FIRSTNAME-area\"> \r\n    <input type=\"text\" class=\"sib-FIRSTNAME-area text-input\" name=\"FIRSTNAME\" placeholder=\"Vorname\" required=\"required\"> \r\n<\/p>\r\n\r\n<p class=\"sib-LASTNAME-area\"> \r\n    \r\n    <input type=\"text\" class=\"sib-LASTNAME-area text-input\" name=\"LASTNAME\" placeholder=\"Nachname\" required=\"required\"> \r\n<\/p>\r\n<p class=\"sib-email-area\">\r\n   \r\n    <input type=\"email\" class=\"sib-email-area text-input\" name=\"email\" required=\"required\" placeholder=\"E-mail\">\r\n<\/p>\r\n\r\n<p class=\"sib-COMPANY_NAME-area\"> \r\n    <input type=\"text\" class=\"sib-COMPANY_NAME-area text-input\" name=\"COMPANY_NAME\" placeholder=\"Unternehmen\"> \r\n<\/p>\r\n<div class=\"cf-turnstile\" data-sitekey=\"0x4AAAAAAAgPlJGjly53eKpV\"><\/div>\r\n<p>\r\n    <input type=\"submit\" class=\"sib-default-btn\" value=\"E-Book runterladen\">\r\n<\/p>\r\n<p>Ihre E-Mail-Adresse wird ausschlie\u00dflich f\u00fcr den Versand unseres Newsletters und Informationen \u00fcber die Aktivit\u00e4ten von Finanztext verwendet. Sie k\u00f6nnen jederzeit den im Newsletter enthaltenen Abmeldelink nutzen.<\/p>\r\n<\/div>                    <\/div>\n                <\/form>\n                <style>\n                    form#sib_signup_form_4 p.sib-alert-message {\n    padding: 6px 12px;\n    margin-bottom: 20px;\n    border: 1px solid transparent;\n    border-radius: 4px;\n    -webkit-box-sizing: border-box;\n    -moz-box-sizing: border-box;\n    box-sizing: border-box;\n}\nform#sib_signup_form_4 p.sib-alert-message-error {\n    background-color: #f2dede;\n    border-color: #ebccd1;\n    color: #a94442;\n}\nform#sib_signup_form_4 p.sib-alert-message-success {\n    background-color: #dff0d8;\n    border-color: #d6e9c6;\n    color: #3c763d;\n}\nform#sib_signup_form_4 p.sib-alert-message-warning {\n    background-color: #fcf8e3;\n    border-color: #faebcc;\n    color: #8a6d3b;\n}\n                <\/style>\n                <\/p>\n","protected":false},"author":4,"featured_media":0,"parent":0,"menu_order":0,"comment_status":"closed","ping_status":"closed","template":"","meta":{"_et_pb_use_builder":"on","_et_pb_old_content":"","_et_gb_content_width":"","footnotes":""},"class_list":["post-1589","page","type-page","status-publish","hentry"],"yoast_head":"<!-- This site is optimized with the Yoast SEO plugin v27.4 - https:\/\/yoast.com\/product\/yoast-seo-wordpress\/ -->\n<title>Digital Marketing Asset Management - Finanztext<\/title>\n<meta name=\"description\" content=\"Wieso ist digital Marketing im Asset Management relevant? Und wie gewinnt man neue Investoren mit Investment Writing?\" \/>\n<meta name=\"robots\" content=\"index, follow, max-snippet:-1, max-image-preview:large, max-video-preview:-1\" \/>\n<link rel=\"canonical\" href=\"https:\/\/finanztext.com\/de\/e-book-investment-writing\/\" \/>\n<meta property=\"og:locale\" content=\"de_DE\" \/>\n<meta property=\"og:type\" content=\"article\" \/>\n<meta property=\"og:title\" content=\"Digital Marketing Asset Management - Finanztext\" \/>\n<meta property=\"og:description\" content=\"Wieso ist digital Marketing im Asset Management relevant? Und wie gewinnt man neue Investoren mit Investment Writing?\" \/>\n<meta property=\"og:url\" content=\"https:\/\/finanztext.com\/de\/e-book-investment-writing\/\" \/>\n<meta property=\"og:site_name\" content=\"Finanztext\" \/>\n<meta property=\"article:modified_time\" content=\"2024-10-18T16:48:01+00:00\" \/>\n<meta name=\"twitter:card\" content=\"summary_large_image\" \/>\n<meta name=\"twitter:label1\" content=\"Gesch\u00e4tzte Lesezeit\" \/>\n\t<meta name=\"twitter:data1\" content=\"1\u00a0Minute\" \/>\n<script type=\"application\/ld+json\" class=\"yoast-schema-graph\">{\"@context\":\"https:\\\/\\\/schema.org\",\"@graph\":[{\"@type\":\"WebPage\",\"@id\":\"https:\\\/\\\/finanztext.com\\\/de\\\/e-book-investment-writing\\\/\",\"url\":\"https:\\\/\\\/finanztext.com\\\/de\\\/e-book-investment-writing\\\/\",\"name\":\"Digital Marketing Asset Management - Finanztext\",\"isPartOf\":{\"@id\":\"https:\\\/\\\/finanztext.com\\\/de\\\/#website\"},\"datePublished\":\"2024-06-18T23:21:48+00:00\",\"dateModified\":\"2024-10-18T16:48:01+00:00\",\"description\":\"Wieso ist digital Marketing im Asset Management relevant? Und wie gewinnt man neue Investoren mit Investment Writing?\",\"breadcrumb\":{\"@id\":\"https:\\\/\\\/finanztext.com\\\/de\\\/e-book-investment-writing\\\/#breadcrumb\"},\"inLanguage\":\"de\",\"potentialAction\":[{\"@type\":\"ReadAction\",\"target\":[\"https:\\\/\\\/finanztext.com\\\/de\\\/e-book-investment-writing\\\/\"]}]},{\"@type\":\"BreadcrumbList\",\"@id\":\"https:\\\/\\\/finanztext.com\\\/de\\\/e-book-investment-writing\\\/#breadcrumb\",\"itemListElement\":[{\"@type\":\"ListItem\",\"position\":1,\"name\":\"Home\",\"item\":\"https:\\\/\\\/finanztext.com\\\/de\\\/homepage\\\/\"},{\"@type\":\"ListItem\",\"position\":2,\"name\":\"E-BOOK\"}]},{\"@type\":\"WebSite\",\"@id\":\"https:\\\/\\\/finanztext.com\\\/de\\\/#website\",\"url\":\"https:\\\/\\\/finanztext.com\\\/de\\\/\",\"name\":\"Finanztext\",\"description\":\"Investment Writing, Content Marketing, Financial Translations\",\"potentialAction\":[{\"@type\":\"SearchAction\",\"target\":{\"@type\":\"EntryPoint\",\"urlTemplate\":\"https:\\\/\\\/finanztext.com\\\/de\\\/?s={search_term_string}\"},\"query-input\":{\"@type\":\"PropertyValueSpecification\",\"valueRequired\":true,\"valueName\":\"search_term_string\"}}],\"inLanguage\":\"de\"}]}<\/script>\n<!-- \/ Yoast SEO plugin. -->","yoast_head_json":{"title":"Digital Marketing Asset Management - Finanztext","description":"Wieso ist digital Marketing im Asset Management relevant? Und wie gewinnt man neue Investoren mit Investment Writing?","robots":{"index":"index","follow":"follow","max-snippet":"max-snippet:-1","max-image-preview":"max-image-preview:large","max-video-preview":"max-video-preview:-1"},"canonical":"https:\/\/finanztext.com\/de\/e-book-investment-writing\/","og_locale":"de_DE","og_type":"article","og_title":"Digital Marketing Asset Management - Finanztext","og_description":"Wieso ist digital Marketing im Asset Management relevant? Und wie gewinnt man neue Investoren mit Investment Writing?","og_url":"https:\/\/finanztext.com\/de\/e-book-investment-writing\/","og_site_name":"Finanztext","article_modified_time":"2024-10-18T16:48:01+00:00","twitter_card":"summary_large_image","twitter_misc":{"Gesch\u00e4tzte Lesezeit":"1\u00a0Minute"},"schema":{"@context":"https:\/\/schema.org","@graph":[{"@type":"WebPage","@id":"https:\/\/finanztext.com\/de\/e-book-investment-writing\/","url":"https:\/\/finanztext.com\/de\/e-book-investment-writing\/","name":"Digital Marketing Asset Management - Finanztext","isPartOf":{"@id":"https:\/\/finanztext.com\/de\/#website"},"datePublished":"2024-06-18T23:21:48+00:00","dateModified":"2024-10-18T16:48:01+00:00","description":"Wieso ist digital Marketing im Asset Management relevant? Und wie gewinnt man neue Investoren mit Investment Writing?","breadcrumb":{"@id":"https:\/\/finanztext.com\/de\/e-book-investment-writing\/#breadcrumb"},"inLanguage":"de","potentialAction":[{"@type":"ReadAction","target":["https:\/\/finanztext.com\/de\/e-book-investment-writing\/"]}]},{"@type":"BreadcrumbList","@id":"https:\/\/finanztext.com\/de\/e-book-investment-writing\/#breadcrumb","itemListElement":[{"@type":"ListItem","position":1,"name":"Home","item":"https:\/\/finanztext.com\/de\/homepage\/"},{"@type":"ListItem","position":2,"name":"E-BOOK"}]},{"@type":"WebSite","@id":"https:\/\/finanztext.com\/de\/#website","url":"https:\/\/finanztext.com\/de\/","name":"Finanztext","description":"Investment Writing, Content Marketing, Financial Translations","potentialAction":[{"@type":"SearchAction","target":{"@type":"EntryPoint","urlTemplate":"https:\/\/finanztext.com\/de\/?s={search_term_string}"},"query-input":{"@type":"PropertyValueSpecification","valueRequired":true,"valueName":"search_term_string"}}],"inLanguage":"de"}]}},"_links":{"self":[{"href":"https:\/\/finanztext.com\/de\/wp-json\/wp\/v2\/pages\/1589","targetHints":{"allow":["GET"]}}],"collection":[{"href":"https:\/\/finanztext.com\/de\/wp-json\/wp\/v2\/pages"}],"about":[{"href":"https:\/\/finanztext.com\/de\/wp-json\/wp\/v2\/types\/page"}],"author":[{"embeddable":true,"href":"https:\/\/finanztext.com\/de\/wp-json\/wp\/v2\/users\/4"}],"replies":[{"embeddable":true,"href":"https:\/\/finanztext.com\/de\/wp-json\/wp\/v2\/comments?post=1589"}],"version-history":[{"count":30,"href":"https:\/\/finanztext.com\/de\/wp-json\/wp\/v2\/pages\/1589\/revisions"}],"predecessor-version":[{"id":3190,"href":"https:\/\/finanztext.com\/de\/wp-json\/wp\/v2\/pages\/1589\/revisions\/3190"}],"wp:attachment":[{"href":"https:\/\/finanztext.com\/de\/wp-json\/wp\/v2\/media?parent=1589"}],"curies":[{"name":"wp","href":"https:\/\/api.w.org\/{rel}","templated":true}]}}