{"id":1615,"date":"2024-06-19T06:51:50","date_gmt":"2024-06-19T06:51:50","guid":{"rendered":"https:\/\/finanztext.com\/?page_id=1615"},"modified":"2024-07-10T18:44:55","modified_gmt":"2024-07-10T18:44:55","slug":"datenschutz","status":"publish","type":"page","link":"https:\/\/finanztext.com\/de\/datenschutz\/","title":{"rendered":"DATENSCHUTZ"},"content":{"rendered":"<p>[et_pb_section fb_built=&#8220;1&#8243; _builder_version=&#8220;4.24.2&#8243; _module_preset=&#8220;default&#8220; locked=&#8220;off&#8220; global_colors_info=&#8220;{}&#8220;][et_pb_row _builder_version=&#8220;4.24.2&#8243; _module_preset=&#8220;default&#8220; max_width=&#8220;1200px&#8220; global_colors_info=&#8220;{}&#8220;][et_pb_column type=&#8220;4_4&#8243; _builder_version=&#8220;4.24.2&#8243; _module_preset=&#8220;default&#8220; global_colors_info=&#8220;{}&#8220;][et_pb_text _builder_version=&#8220;4.24.2&#8243; _module_preset=&#8220;default&#8220; text_font_size=&#8220;16px&#8220; header_font=&#8220;|700|||||||&#8220; header_font_size=&#8220;34px&#8220; header_line_height=&#8220;1.3em&#8220; header_3_font=&#8220;|700|||||||&#8220; header_3_font_size=&#8220;25px&#8220; header_3_line_height=&#8220;1.3em&#8220; width=&#8220;60%&#8220; width_tablet=&#8220;60%&#8220; width_phone=&#8220;100%&#8220; width_last_edited=&#8220;on|phone&#8220; max_width_tablet=&#8220;&#8220; max_width_phone=&#8220;100%&#8220; max_width_last_edited=&#8220;on|phone&#8220; hover_enabled=&#8220;0&#8243; global_colors_info=&#8220;{}&#8220; sticky_enabled=&#8220;0&#8243;]<\/p>\n<h1>Datenschutzerkl\u00e4rung f\u00fcr VaR &#8211; Value Research and Media GmbH \/ Finanztext<\/h1>\n<p>Bei Finanztext, erreichbar unter https:\/\/www.finanztext.com, ist eine unserer wichtigsten Priorit\u00e4ten der Schutz der Privatsph\u00e4re unserer Besucher. Diese Datenschutzrichtlinie enth\u00e4lt die Arten von Informationen, die von Finanztext.com gesammelt und aufgezeichnet werden, und wie wir sie verwenden.<br \/>\nFinanztext.com ist eine Marke der VaR &#8211; Value Research and Media GmbH.<\/p>\n<p>Wenn Sie weitere Fragen haben oder mehr Informationen \u00fcber unsere Datenschutzrichtlinie ben\u00f6tigen, z\u00f6gern Sie nicht, uns per E-Mail an mail@finanztext.com zu kontaktieren.<\/p>\n<h3>Allgemeine Datenschutzverordnung (GDPR)<\/h3>\n<p>Wir sind f\u00fcr die Datenverarbeitung Ihrer Informationen verantwortlich.<\/p>\n<p>Die Rechtsgrundlage der VaR &#8211; Value Research and Media GmbH f\u00fcr die Erhebung und Verwendung der in dieser Datenschutzerkl\u00e4rung beschriebenen personenbezogenen Daten h\u00e4ngt von den von uns erhobenen personenbezogenen Daten und dem spezifischen Kontext ab, in dem wir die Daten erheben:<\/p>\n<ul>\n<li>VaR &#8211; Value Research and Media GmbH muss einen Vertrag mit Ihnen erf\u00fcllen<\/li>\n<li>Sie haben der VaR &#8211; Value Research and Media GmbH die Erlaubnis erteilt, dies zu tun<\/li>\n<li>Die Verarbeitung Ihrer pers\u00f6nlichen Daten liegt im berechtigten Interesse der VaR &#8211; Value Research and Media GmbH<\/li>\n<li>VaR &#8211; Value Research and Media GmbH muss die gesetzlichen Bestimmungen einhalten<\/li>\n<\/ul>\n<p>VaR &#8211; Value Research and Media GmbH wird Ihre pers\u00f6nlichen Daten nur so lange aufbewahren, wie es f\u00fcr die in dieser Datenschutzerkl\u00e4rung genannten Zwecke erforderlich ist. Wir werden Ihre Daten in dem Umfang aufbewahren und verwenden, der notwendig ist, um unseren rechtlichen Verpflichtungen nachzukommen, Streitigkeiten beizulegen und unsere Richtlinien durchzusetzen. Unsere Datenschutzrichtlinie wurde mit Hilfe des GDPR Privacy Policy Generator erstellt.<\/p>\n<p>Wenn Sie im Europ\u00e4ischen Wirtschaftsraum (EWR) ans\u00e4ssig sind, haben Sie bestimmte Datenschutzrechte. Wenn Sie wissen m\u00f6chten, welche pers\u00f6nlichen Daten wir \u00fcber Sie gespeichert haben und wenn Sie m\u00f6chten, dass diese aus unseren Systemen entfernt werden, kontaktieren Sie uns bitte.<\/p>\n<p>Unter bestimmten Umst\u00e4nden haben Sie die folgenden Datenschutzrechte:<\/p>\n<ul>\n<li>Das Recht auf Zugang, Aktualisierung oder L\u00f6schung der Informationen, die wir \u00fcber Sie haben.<\/li>\n<li>Das Recht auf Berichtigung.<\/li>\n<li>Das Recht auf Widerspruch.<\/li>\n<li>Das Recht auf Einschr\u00e4nkung.<\/li>\n<li>Das Recht auf Daten\u00fcbertragbarkeit.<\/li>\n<li>Das Recht, die Zustimmung zu widerrufen.<\/li>\n<\/ul>\n<h3>Log Dateien<\/h3>\n<p>Finanztext.com verwendet standardm\u00e4\u00dfig Protokolldateien. Diese Dateien protokollieren die Besuche von Besuchern auf Websites. Dies ist bei allen Hosting-Unternehmen der Fall und geh\u00f6rt zu den Analysem\u00f6glichkeiten der Hosting-Dienste. Zu den in den Protokolldateien gesammelten Informationen geh\u00f6ren Internetprotokolladressen (IP), Browsertyp, Internetdienstanbieter (ISP), Datums- und Zeitstempel, Verweis- und Ausgangsseiten und m\u00f6glicherweise die Anzahl der Klicks. Diese Daten werden nicht mit Informationen verkn\u00fcpft, die eine pers\u00f6nliche Identifizierung erm\u00f6glichen. Der Zweck dieser Informationen ist die Analyse von Trends, die Verwaltung der Website, die Verfolgung der Bewegungen der Benutzer auf der Website und die Erfassung demografischer Informationen.<\/p>\n<h3>Cookies and Web Beacons<\/h3>\n<p>Wie jede andere Website verwendet auch Finanztext.com &#8222;Cookies&#8220;. Diese Cookies werden verwendet, um Informationen zu speichern, einschlie\u00dflich der Pr\u00e4ferenzen der Besucher und der Seiten auf der Website, die der Besucher aufgerufen oder besucht hat. Diese Informationen werden verwendet, um die Nutzererfahrung zu optimieren, indem wir den Inhalt unserer Webseiten auf der Grundlage des Browsertyps und\/oder anderer Informationen der Besucher anpassen.<br \/>\nSie k\u00f6nnen Cookies \u00fcber die Optionen Ihres Browsers deaktivieren. Ausf\u00fchrlichere Informationen \u00fcber die Cookie-Verwaltung mit bestimmten Webbrowsern finden Sie auf den jeweiligen Websites der Browser.<\/p>\n<h3>Unsere Werbepartner<\/h3>\n<p>Einige der Werbepartner auf unserer Website k\u00f6nnen Cookies und Web Beacons verwenden. Unsere Werbepartner sind unten aufgef\u00fchrt. Jeder unserer Werbepartner hat seine eigenen Datenschutzrichtlinien f\u00fcr den Umgang mit Benutzerdaten. Um den Zugang zu erleichtern, haben wir unten einen Hyperlink zu den Datenschutzrichtlinien gesetzt.<\/p>\n<p>Google: https:\/\/policies.google.com\/technologies\/ads<\/p>\n<h3>Datenschutzrichtlinien<\/h3>\n<p>Sie k\u00f6nnen diese Liste konsultieren, um die Datenschutzrichtlinien f\u00fcr jeden Werbepartner von Finanztext.com zu finden.<\/p>\n<p>Werbeserver oder Werbenetzwerke von Drittanbietern verwenden Technologien wie Cookies, JavaScript oder Web Beacons, die in ihren jeweiligen Anzeigen und Links, die auf Finanztext.com erscheinen, verwendet werden und direkt an den Browser des Nutzers gesendet werden. Sie erhalten automatisch Ihre IP-Adresse, wenn dies geschieht. Diese Technologien werden verwendet, um die Effektivit\u00e4t ihrer Werbekampagnen zu messen und\/oder um die Werbeinhalte, die Sie auf den von Ihnen besuchten Websites sehen, zu personalisieren.<\/p>\n<p>Beachten Sie, dass Finanztext.com keinen Zugang zu oder Kontrolle \u00fcber diese Cookies hat, die von Drittanbietern verwendet werden.<\/p>\n<h3>Datenschutzrichtlinien von Drittanbietern<\/h3>\n<p>Die Datenschutzrichtlinien von Finanztext.com gelten nicht f\u00fcr andere Werbetreibende oder Websites. Wir raten Ihnen daher, die jeweiligen Datenschutzrichtlinien dieser Werbeserver Dritter zu konsultieren, um genauere Informationen zu erhalten. Diese k\u00f6nnen deren Praktiken und Anweisungen dar\u00fcber enthalten, wie Sie bestimmte Optionen deaktivieren k\u00f6nnen.<\/p>\n<p>Sie k\u00f6nnen Cookies \u00fcber die Optionen Ihres Browsers deaktivieren. Ausf\u00fchrlichere Informationen \u00fcber die Cookie-Verwaltung mit bestimmten Webbrowsern finden Sie auf den jeweiligen Websites der Browser.<\/p>\n<h3>Hinweise zum Schutz von Kindern<\/h3>\n<p>Ein weiterer Teil unserer Priorit\u00e4t ist der Schutz von Kindern bei der Nutzung des Internets. Wir ermutigen Eltern und Erziehungsberechtigte, ihre Online-Aktivit\u00e4ten zu beobachten, sich daran zu beteiligen und\/oder sie zu \u00fcberwachen und zu leiten.<\/p>\n<p>Finanztext.com sammelt wissentlich keine pers\u00f6nlichen Daten von Kindern unter 13 Jahren. Wenn Sie glauben, dass Ihr Kind diese Art von Daten auf unserer Website angegeben hat, bitten wir Sie, uns umgehend zu kontaktieren, damit wir uns bem\u00fchen k\u00f6nnen, diese Daten umgehend aus unseren Unterlagen zu entfernen.<\/p>\n<h3>Ausschlie\u00dflich Online-Datenschutzrichtlinien<\/h3>\n<p>Unsere Datenschutzpolitik gilt nur f\u00fcr unsere Online-Aktivit\u00e4ten und f\u00fcr die Besucher unserer Website in Bezug auf die Informationen, die sie auf Finanztext.com teilen und\/oder sammeln. Diese Richtlinie gilt nicht f\u00fcr Informationen, die offline oder \u00fcber andere Kan\u00e4le als diese Website gesammelt werden.<\/p>\n<h3>Einverst\u00e4ndnis<\/h3>\n<p>Durch die Nutzung unserer Website erkl\u00e4ren Sie sich mit unserer Datenschutzpolitik einverstanden und stimmen deren Bedingungen zu.[\/et_pb_text][\/et_pb_column][\/et_pb_row][\/et_pb_section]<\/p>\n","protected":false},"excerpt":{"rendered":"<p>Datenschutzerkl\u00e4rung f\u00fcr VaR &#8211; Value Research and Media GmbH \/ Finanztext Bei Finanztext, erreichbar unter https:\/\/www.finanztext.com, ist eine unserer wichtigsten Priorit\u00e4ten der Schutz der Privatsph\u00e4re unserer Besucher. Diese Datenschutzrichtlinie enth\u00e4lt die Arten von Informationen, die von Finanztext.com gesammelt und aufgezeichnet werden, und wie wir sie verwenden. Finanztext.com ist eine Marke der VaR &#8211; Value Research [&hellip;]<\/p>\n","protected":false},"author":4,"featured_media":0,"parent":0,"menu_order":0,"comment_status":"closed","ping_status":"closed","template":"","meta":{"_et_pb_use_builder":"on","_et_pb_old_content":"","_et_gb_content_width":"","footnotes":""},"class_list":["post-1615","page","type-page","status-publish","hentry"],"yoast_head":"<!-- This site is optimized with the Yoast SEO plugin v27.4 - https:\/\/yoast.com\/product\/yoast-seo-wordpress\/ -->\n<title>DATENSCHUTZ - Finanztext<\/title>\n<meta name=\"robots\" content=\"index, follow, max-snippet:-1, max-image-preview:large, max-video-preview:-1\" \/>\n<link rel=\"canonical\" href=\"https:\/\/finanztext.com\/de\/datenschutz\/\" \/>\n<meta property=\"og:locale\" content=\"de_DE\" \/>\n<meta property=\"og:type\" content=\"article\" \/>\n<meta property=\"og:title\" content=\"DATENSCHUTZ - Finanztext\" \/>\n<meta property=\"og:description\" content=\"Datenschutzerkl\u00e4rung f\u00fcr VaR - Value Research and Media GmbH \/ Finanztext Bei Finanztext, erreichbar unter https:\/\/www.finanztext.com, ist eine unserer wichtigsten Priorit\u00e4ten der Schutz der Privatsph\u00e4re unserer Besucher. Diese Datenschutzrichtlinie enth\u00e4lt die Arten von Informationen, die von Finanztext.com gesammelt und aufgezeichnet werden, und wie wir sie verwenden. Finanztext.com ist eine Marke der VaR - Value Research [&hellip;]\" \/>\n<meta property=\"og:url\" content=\"https:\/\/finanztext.com\/de\/datenschutz\/\" \/>\n<meta property=\"og:site_name\" content=\"Finanztext\" \/>\n<meta property=\"article:modified_time\" content=\"2024-07-10T18:44:55+00:00\" \/>\n<meta name=\"twitter:card\" content=\"summary_large_image\" \/>\n<meta name=\"twitter:label1\" content=\"Gesch\u00e4tzte Lesezeit\" \/>\n\t<meta name=\"twitter:data1\" content=\"4\u00a0Minuten\" \/>\n<script type=\"application\/ld+json\" class=\"yoast-schema-graph\">{\"@context\":\"https:\\\/\\\/schema.org\",\"@graph\":[{\"@type\":\"WebPage\",\"@id\":\"https:\\\/\\\/finanztext.com\\\/de\\\/datenschutz\\\/\",\"url\":\"https:\\\/\\\/finanztext.com\\\/de\\\/datenschutz\\\/\",\"name\":\"DATENSCHUTZ - Finanztext\",\"isPartOf\":{\"@id\":\"https:\\\/\\\/finanztext.com\\\/de\\\/#website\"},\"datePublished\":\"2024-06-19T06:51:50+00:00\",\"dateModified\":\"2024-07-10T18:44:55+00:00\",\"breadcrumb\":{\"@id\":\"https:\\\/\\\/finanztext.com\\\/de\\\/datenschutz\\\/#breadcrumb\"},\"inLanguage\":\"de\",\"potentialAction\":[{\"@type\":\"ReadAction\",\"target\":[\"https:\\\/\\\/finanztext.com\\\/de\\\/datenschutz\\\/\"]}]},{\"@type\":\"BreadcrumbList\",\"@id\":\"https:\\\/\\\/finanztext.com\\\/de\\\/datenschutz\\\/#breadcrumb\",\"itemListElement\":[{\"@type\":\"ListItem\",\"position\":1,\"name\":\"Home\",\"item\":\"https:\\\/\\\/finanztext.com\\\/de\\\/homepage\\\/\"},{\"@type\":\"ListItem\",\"position\":2,\"name\":\"DATENSCHUTZ\"}]},{\"@type\":\"WebSite\",\"@id\":\"https:\\\/\\\/finanztext.com\\\/de\\\/#website\",\"url\":\"https:\\\/\\\/finanztext.com\\\/de\\\/\",\"name\":\"Finanztext\",\"description\":\"Investment Writing, Content Marketing, Financial Translations\",\"potentialAction\":[{\"@type\":\"SearchAction\",\"target\":{\"@type\":\"EntryPoint\",\"urlTemplate\":\"https:\\\/\\\/finanztext.com\\\/de\\\/?s={search_term_string}\"},\"query-input\":{\"@type\":\"PropertyValueSpecification\",\"valueRequired\":true,\"valueName\":\"search_term_string\"}}],\"inLanguage\":\"de\"}]}<\/script>\n<!-- \/ Yoast SEO plugin. -->","yoast_head_json":{"title":"DATENSCHUTZ - Finanztext","robots":{"index":"index","follow":"follow","max-snippet":"max-snippet:-1","max-image-preview":"max-image-preview:large","max-video-preview":"max-video-preview:-1"},"canonical":"https:\/\/finanztext.com\/de\/datenschutz\/","og_locale":"de_DE","og_type":"article","og_title":"DATENSCHUTZ - Finanztext","og_description":"Datenschutzerkl\u00e4rung f\u00fcr VaR - Value Research and Media GmbH \/ Finanztext Bei Finanztext, erreichbar unter https:\/\/www.finanztext.com, ist eine unserer wichtigsten Priorit\u00e4ten der Schutz der Privatsph\u00e4re unserer Besucher. Diese Datenschutzrichtlinie enth\u00e4lt die Arten von Informationen, die von Finanztext.com gesammelt und aufgezeichnet werden, und wie wir sie verwenden. Finanztext.com ist eine Marke der VaR - Value Research [&hellip;]","og_url":"https:\/\/finanztext.com\/de\/datenschutz\/","og_site_name":"Finanztext","article_modified_time":"2024-07-10T18:44:55+00:00","twitter_card":"summary_large_image","twitter_misc":{"Gesch\u00e4tzte Lesezeit":"4\u00a0Minuten"},"schema":{"@context":"https:\/\/schema.org","@graph":[{"@type":"WebPage","@id":"https:\/\/finanztext.com\/de\/datenschutz\/","url":"https:\/\/finanztext.com\/de\/datenschutz\/","name":"DATENSCHUTZ - Finanztext","isPartOf":{"@id":"https:\/\/finanztext.com\/de\/#website"},"datePublished":"2024-06-19T06:51:50+00:00","dateModified":"2024-07-10T18:44:55+00:00","breadcrumb":{"@id":"https:\/\/finanztext.com\/de\/datenschutz\/#breadcrumb"},"inLanguage":"de","potentialAction":[{"@type":"ReadAction","target":["https:\/\/finanztext.com\/de\/datenschutz\/"]}]},{"@type":"BreadcrumbList","@id":"https:\/\/finanztext.com\/de\/datenschutz\/#breadcrumb","itemListElement":[{"@type":"ListItem","position":1,"name":"Home","item":"https:\/\/finanztext.com\/de\/homepage\/"},{"@type":"ListItem","position":2,"name":"DATENSCHUTZ"}]},{"@type":"WebSite","@id":"https:\/\/finanztext.com\/de\/#website","url":"https:\/\/finanztext.com\/de\/","name":"Finanztext","description":"Investment Writing, Content Marketing, Financial Translations","potentialAction":[{"@type":"SearchAction","target":{"@type":"EntryPoint","urlTemplate":"https:\/\/finanztext.com\/de\/?s={search_term_string}"},"query-input":{"@type":"PropertyValueSpecification","valueRequired":true,"valueName":"search_term_string"}}],"inLanguage":"de"}]}},"_links":{"self":[{"href":"https:\/\/finanztext.com\/de\/wp-json\/wp\/v2\/pages\/1615","targetHints":{"allow":["GET"]}}],"collection":[{"href":"https:\/\/finanztext.com\/de\/wp-json\/wp\/v2\/pages"}],"about":[{"href":"https:\/\/finanztext.com\/de\/wp-json\/wp\/v2\/types\/page"}],"author":[{"embeddable":true,"href":"https:\/\/finanztext.com\/de\/wp-json\/wp\/v2\/users\/4"}],"replies":[{"embeddable":true,"href":"https:\/\/finanztext.com\/de\/wp-json\/wp\/v2\/comments?post=1615"}],"version-history":[{"count":12,"href":"https:\/\/finanztext.com\/de\/wp-json\/wp\/v2\/pages\/1615\/revisions"}],"predecessor-version":[{"id":2280,"href":"https:\/\/finanztext.com\/de\/wp-json\/wp\/v2\/pages\/1615\/revisions\/2280"}],"wp:attachment":[{"href":"https:\/\/finanztext.com\/de\/wp-json\/wp\/v2\/media?parent=1615"}],"curies":[{"name":"wp","href":"https:\/\/api.w.org\/{rel}","templated":true}]}}