{"id":2675,"date":"2024-08-06T18:56:41","date_gmt":"2024-08-06T18:56:41","guid":{"rendered":"https:\/\/finanztext.com\/bestaetigung\/"},"modified":"2024-08-08T13:48:12","modified_gmt":"2024-08-08T13:48:12","slug":"iw-ebook-subscription","status":"publish","type":"page","link":"https:\/\/finanztext.com\/de\/iw-ebook-subscription\/","title":{"rendered":"Best\u00e4tigung &#8211; iw ebook"},"content":{"rendered":"<p>[et_pb_section fb_built=&#8220;1&#8243; admin_label=&#8220;Hero&#8220; _builder_version=&#8220;4.27.0&#8243; custom_padding=&#8220;0px|0px|0px|0px&#8220; animation_style=&#8220;zoom&#8220; animation_intensity_zoom=&#8220;4%&#8220; locked=&#8220;off&#8220; global_colors_info=&#8220;{}&#8220;][et_pb_row column_structure=&#8220;1_2,1_2&#8243; use_custom_gutter=&#8220;on&#8220; gutter_width=&#8220;1&#8243; make_equal=&#8220;on&#8220; custom_padding_last_edited=&#8220;on|phone&#8220; module_class=&#8220; et_pb_row_fullwidth&#8220; _builder_version=&#8220;4.27.0&#8243; background_enable_color=&#8220;off&#8220; use_background_color_gradient=&#8220;on&#8220; background_color_gradient_direction=&#8220;307deg&#8220; background_enable_image=&#8220;off&#8220; width=&#8220;100%&#8220; width_tablet=&#8220;100%&#8220; width_phone=&#8220;100%&#8220; width_last_edited=&#8220;on|desktop&#8220; max_width=&#8220;100%&#8220; max_width_tablet=&#8220;100%&#8220; max_width_phone=&#8220;100%&#8220; max_width_last_edited=&#8220;on|desktop&#8220; custom_padding=&#8220;0px||0px|&#8220; custom_padding_tablet=&#8220;0px||0px|&#8220; custom_padding_phone=&#8220;||0px||false|false&#8220; animation_style=&#8220;slide&#8220; animation_direction=&#8220;top&#8220; animation_intensity_slide=&#8220;3%&#8220; hover_enabled=&#8220;0&#8243; make_fullwidth=&#8220;on&#8220; global_colors_info=&#8220;{}&#8220; sticky_enabled=&#8220;0&#8243;][et_pb_column type=&#8220;1_2&#8243; _builder_version=&#8220;4.24.2&#8243; use_background_color_gradient=&#8220;on&#8220; background_color_gradient_stops=&#8220;#11bfa7 0%|#0e9986 100%&#8220; custom_padding=&#8220;5%|6%|5%|10%|false|false&#8220; global_colors_info=&#8220;{}&#8220; custom_padding__hover=&#8220;|||&#8220;][et_pb_text _builder_version=&#8220;4.27.0&#8243; text_font=&#8220;||||||||&#8220; header_font=&#8220;Montserrat|700|||||||&#8220; header_text_color=&#8220;#f7f7f7&#8243; header_font_size=&#8220;42px&#8220; header_line_height=&#8220;1.3em&#8220; custom_margin=&#8220;0px||||false|false&#8220; custom_margin_tablet=&#8220;0px||||false|false&#8220; custom_margin_phone=&#8220;||0px||false|false&#8220; custom_margin_last_edited=&#8220;on|phone&#8220; custom_padding=&#8220;||||true|false&#8220; animation_style=&#8220;fade&#8220; hover_enabled=&#8220;0&#8243; header_font_size_tablet=&#8220;42px&#8220; header_font_size_phone=&#8220;26px&#8220; header_font_size_last_edited=&#8220;on|phone&#8220; header_line_height_tablet=&#8220;1.3em&#8220; header_line_height_phone=&#8220;1.3em&#8220; header_line_height_last_edited=&#8220;on|phone&#8220; locked=&#8220;off&#8220; global_colors_info=&#8220;{}&#8220; sticky_enabled=&#8220;0&#8243;]<\/p>\n<h1>Danke, nur noch ein Schritt!<\/h1>\n<p>[\/et_pb_text][et_pb_text _builder_version=&#8220;4.27.0&#8243; text_font=&#8220;Montserrat||||&#8220; text_text_color=&#8220;#f8f8f8&#8243; text_font_size=&#8220;20px&#8220; text_line_height=&#8220;1.8em&#8220; header_font=&#8220;||||||||&#8220; custom_margin=&#8220;||||false|false&#8220; custom_margin_tablet=&#8220;||50px|&#8220; custom_margin_phone=&#8220;||25px||false|false&#8220; custom_margin_last_edited=&#8220;on|phone&#8220; custom_padding=&#8220;||0px|||&#8220; animation_style=&#8220;slide&#8220; animation_direction=&#8220;top&#8220; animation_intensity_slide=&#8220;17%&#8220; hover_enabled=&#8220;0&#8243; locked=&#8220;off&#8220; global_colors_info=&#8220;{}&#8220; sticky_enabled=&#8220;0&#8243;]Bitte \u00fcberpr\u00fcfen Sie Ihre Mailbox, um Ihre E-Mailadresse zu best\u00e4tigen, indem Sie auf den Link in der E-Mail klicken. Wenn Sie die E-Mail nicht erhalten haben, \u00fcberpr\u00fcfen Sie bitte auch Ihren Spam-Ordner.[\/et_pb_text][\/et_pb_column][et_pb_column type=&#8220;1_2&#8243; _builder_version=&#8220;4.27.0&#8243; background_color=&#8220;RGBA(255,255,255,0)&#8220; background_image=&#8220;https:\/\/finanztext.com\/wp-content\/uploads\/2024\/08\/Finanztext_Confirmation-1.png&#8220; custom_padding=&#8220;|||&#8220; custom_padding_tablet=&#8220;|||&#8220; custom_padding_phone=&#8220;||||true|false&#8220; custom_padding_last_edited=&#8220;on|phone&#8220; hover_enabled=&#8220;0&#8243; global_colors_info=&#8220;{}&#8220; custom_padding__hover=&#8220;|||&#8220; title_text=&#8220;Finanztext_Confirmation (1)&#8220; sticky_enabled=&#8220;0&#8243;][et_pb_divider show_divider=&#8220;off&#8220; _builder_version=&#8220;4.24.2&#8243; _module_preset=&#8220;default&#8220; custom_padding=&#8220;0px||0px||false|false&#8220; custom_padding_tablet=&#8220;0px||0px||false|false&#8220; custom_padding_phone=&#8220;25%||25%||true|false&#8220; custom_padding_last_edited=&#8220;on|phone&#8220; global_colors_info=&#8220;{}&#8220;][\/et_pb_divider][\/et_pb_column][\/et_pb_row][\/et_pb_section][et_pb_section fb_built=&#8220;1&#8243; _builder_version=&#8220;4.24.2&#8243; _module_preset=&#8220;default&#8220; background_image=&#8220;https:\/\/finanztext.com\/wp-content\/uploads\/2024\/04\/Blog-pattern.webp&#8220; background_size=&#8220;initial&#8220; locked=&#8220;off&#8220; global_colors_info=&#8220;{}&#8220;][et_pb_row column_structure=&#8220;3_4,1_4&#8243; _builder_version=&#8220;4.24.2&#8243; _module_preset=&#8220;default&#8220; max_width=&#8220;80%&#8220; global_colors_info=&#8220;{}&#8220;][et_pb_column type=&#8220;3_4&#8243; _builder_version=&#8220;4.24.2&#8243; _module_preset=&#8220;default&#8220; global_colors_info=&#8220;{}&#8220;][et_pb_text _builder_version=&#8220;4.24.2&#8243; text_font=&#8220;Montserrat|600|||||||&#8220; text_text_color=&#8220;#01917a&#8220; text_font_size=&#8220;16px&#8220; text_letter_spacing=&#8220;3px&#8220; custom_margin=&#8220;||10px||false|false&#8220; animation_style=&#8220;slide&#8220; animation_direction=&#8220;bottom&#8220; locked=&#8220;off&#8220; global_colors_info=&#8220;{}&#8220;]<\/p>\n<p>Blog<\/p>\n<p>[\/et_pb_text][et_pb_text _builder_version=&#8220;4.27.0&#8243; text_font=&#8220;||||||||&#8220; header_font=&#8220;Montserrat|700|||||||&#8220; header_text_color=&#8220;#242b35&#8243; header_font_size=&#8220;42px&#8220; header_line_height=&#8220;1.3em&#8220; header_2_font=&#8220;Montserrat|700|||||||&#8220; header_2_text_color=&#8220;#242b35&#8243; header_2_font_size=&#8220;42px&#8220; header_2_line_height=&#8220;1.2em&#8220; width=&#8220;70%&#8220; width_tablet=&#8220;70%&#8220; width_phone=&#8220;100%&#8220; width_last_edited=&#8220;on|phone&#8220; max_width=&#8220;100%&#8220; custom_margin=&#8220;0px||0px||false|false&#8220; custom_padding=&#8220;0px||||false|false&#8220; animation_style=&#8220;fade&#8220; hover_enabled=&#8220;0&#8243; header_2_font_size_tablet=&#8220;42px&#8220; header_2_font_size_phone=&#8220;40px&#8220; header_2_font_size_last_edited=&#8220;on|phone&#8220; locked=&#8220;off&#8220; global_colors_info=&#8220;{}&#8220; sticky_enabled=&#8220;0&#8243;]<\/p>\n<h2>Insight Hub<\/h2>\n<p>[\/et_pb_text][\/et_pb_column][et_pb_column type=&#8220;1_4&#8243; _builder_version=&#8220;4.24.2&#8243; _module_preset=&#8220;default&#8220; global_colors_info=&#8220;{}&#8220;][et_pb_button button_url=&#8220;https:\/\/finanztext.com\/de\/marketing-asset-management-blog\/&#8220; button_text=&#8220;Mehr&#8220; button_alignment=&#8220;right&#8220; button_alignment_tablet=&#8220;right&#8220; button_alignment_phone=&#8220;left&#8220; button_alignment_last_edited=&#8220;on|phone&#8220; _builder_version=&#8220;4.24.2&#8243; custom_button=&#8220;on&#8220; button_text_size=&#8220;16px&#8220; button_text_color=&#8220;#FFFFFF&#8220; button_bg_color=&#8220;#ff5f00&#8243; button_border_width=&#8220;4px&#8220; button_border_color=&#8220;#ffffff&#8220; button_border_radius=&#8220;100px&#8220; button_letter_spacing=&#8220;2px&#8220; button_font=&#8220;Montserrat|700|||||||&#8220; button_icon=&#8220;&#x45;||divi||400&#8243; animation_style=&#8220;fade&#8220; button_text_color_hover=&#8220;#ffffff&#8220; button_border_color_hover=&#8220;#ffffff&#8220; button_letter_spacing_hover=&#8220;2px&#8220; button_bg_color_hover=&#8220;rgba(0,0,0,0)&#8220; locked=&#8220;off&#8220; global_colors_info=&#8220;{}&#8220; button_text_size__hover_enabled=&#8220;off&#8220; button_one_text_size__hover_enabled=&#8220;off&#8220; button_two_text_size__hover_enabled=&#8220;off&#8220; button_text_color__hover_enabled=&#8220;on|hover&#8220; button_text_color__hover=&#8220;#FFFFFF&#8220; button_one_text_color__hover_enabled=&#8220;off&#8220; button_two_text_color__hover_enabled=&#8220;off&#8220; button_border_width__hover_enabled=&#8220;off&#8220; button_one_border_width__hover_enabled=&#8220;off&#8220; button_two_border_width__hover_enabled=&#8220;off&#8220; button_border_color__hover_enabled=&#8220;on&#8220; button_border_color__hover=&#8220;#ffffff&#8220; button_one_border_color__hover_enabled=&#8220;off&#8220; button_two_border_color__hover_enabled=&#8220;off&#8220; button_border_radius__hover_enabled=&#8220;off&#8220; button_one_border_radius__hover_enabled=&#8220;off&#8220; button_two_border_radius__hover_enabled=&#8220;off&#8220; button_letter_spacing__hover_enabled=&#8220;on&#8220; button_letter_spacing__hover=&#8220;2px&#8220; button_one_letter_spacing__hover_enabled=&#8220;off&#8220; button_two_letter_spacing__hover_enabled=&#8220;off&#8220; button_bg_color__hover_enabled=&#8220;on|hover&#8220; button_bg_color__hover=&#8220;#ff5f00&#8243; button_one_bg_color__hover_enabled=&#8220;off&#8220; button_two_bg_color__hover_enabled=&#8220;off&#8220; button_bg_enable_color__hover=&#8220;on&#8220;][\/et_pb_button][\/et_pb_column][\/et_pb_row][et_pb_row use_custom_gutter=&#8220;on&#8220; gutter_width=&#8220;2&#8243; _builder_version=&#8220;4.24.2&#8243; _module_preset=&#8220;default&#8220; max_width=&#8220;80%&#8220; global_colors_info=&#8220;{}&#8220;][et_pb_column type=&#8220;4_4&#8243; _builder_version=&#8220;4.24.2&#8243; _module_preset=&#8220;default&#8220; global_colors_info=&#8220;{}&#8220;][et_pb_blog fullwidth=&#8220;off&#8220; posts_number=&#8220;3&#8243; include_categories=&#8220;all&#8220; excerpt_length=&#8220;150&#8243; show_more=&#8220;on&#8220; show_author=&#8220;off&#8220; show_date=&#8220;off&#8220; show_categories=&#8220;off&#8220; show_pagination=&#8220;off&#8220; _builder_version=&#8220;4.24.2&#8243; _module_preset=&#8220;default&#8220; header_font=&#8220;|700|||||||&#8220; header_line_height=&#8220;1.3em&#8220; body_font_size=&#8220;16px&#8220; read_more_font=&#8220;|700||||on|||&#8220; read_more_text_color=&#8220;#ff5f00&#8243; read_more_font_size=&#8220;20px&#8220; read_more_line_height=&#8220;2.5em&#8220; border_radii=&#8220;on|5px|5px|5px|5px&#8220; global_colors_info=&#8220;{}&#8220;][\/et_pb_blog][\/et_pb_column][\/et_pb_row][\/et_pb_section]<\/p>\n","protected":false},"excerpt":{"rendered":"<p>Danke, nur noch ein Schritt!Bitte \u00fcberpr\u00fcfen Sie Ihre Mailbox, um Ihre E-Mailadresse zu best\u00e4tigen, indem Sie auf den Link in der E-Mail klicken. Wenn Sie die E-Mail nicht erhalten haben, \u00fcberpr\u00fcfen Sie bitte auch Ihren Spam-Ordner.BlogInsight Hub<\/p>\n","protected":false},"author":6,"featured_media":0,"parent":0,"menu_order":0,"comment_status":"closed","ping_status":"closed","template":"","meta":{"_et_pb_use_builder":"on","_et_pb_old_content":"","_et_gb_content_width":"","footnotes":""},"class_list":["post-2675","page","type-page","status-publish","hentry"],"yoast_head":"<!-- This site is optimized with the Yoast SEO plugin v27.4 - https:\/\/yoast.com\/product\/yoast-seo-wordpress\/ -->\n<title>Financial Services Marketing Agentur - Finanztext<\/title>\n<meta name=\"description\" content=\"\u00dcber Finanztext Digitalmarketing-Agentur Marketing f\u00fcr Asset Manager. Investment Management Marketing.\" \/>\n<meta name=\"robots\" content=\"index, follow, max-snippet:-1, max-image-preview:large, max-video-preview:-1\" \/>\n<link rel=\"canonical\" href=\"https:\/\/finanztext.com\/de\/iw-ebook-subscription\/\" \/>\n<meta property=\"og:locale\" content=\"de_DE\" \/>\n<meta property=\"og:type\" content=\"article\" \/>\n<meta property=\"og:title\" content=\"Financial Services Marketing Agentur - Finanztext\" \/>\n<meta property=\"og:description\" content=\"\u00dcber Finanztext Digitalmarketing-Agentur Marketing f\u00fcr Asset Manager. Investment Management Marketing.\" \/>\n<meta property=\"og:url\" content=\"https:\/\/finanztext.com\/de\/iw-ebook-subscription\/\" \/>\n<meta property=\"og:site_name\" content=\"Finanztext\" \/>\n<meta property=\"article:modified_time\" content=\"2024-08-08T13:48:12+00:00\" \/>\n<meta name=\"twitter:card\" content=\"summary_large_image\" \/>\n<meta name=\"twitter:label1\" content=\"Gesch\u00e4tzte Lesezeit\" \/>\n\t<meta name=\"twitter:data1\" content=\"2\u00a0Minuten\" \/>\n<script type=\"application\/ld+json\" class=\"yoast-schema-graph\">{\"@context\":\"https:\\\/\\\/schema.org\",\"@graph\":[{\"@type\":\"WebPage\",\"@id\":\"https:\\\/\\\/finanztext.com\\\/de\\\/iw-ebook-subscription\\\/\",\"url\":\"https:\\\/\\\/finanztext.com\\\/de\\\/iw-ebook-subscription\\\/\",\"name\":\"Financial Services Marketing Agentur - Finanztext\",\"isPartOf\":{\"@id\":\"https:\\\/\\\/finanztext.com\\\/de\\\/#website\"},\"datePublished\":\"2024-08-06T18:56:41+00:00\",\"dateModified\":\"2024-08-08T13:48:12+00:00\",\"description\":\"\u00dcber Finanztext Digitalmarketing-Agentur Marketing f\u00fcr Asset Manager. Investment Management Marketing.\",\"breadcrumb\":{\"@id\":\"https:\\\/\\\/finanztext.com\\\/de\\\/iw-ebook-subscription\\\/#breadcrumb\"},\"inLanguage\":\"de\",\"potentialAction\":[{\"@type\":\"ReadAction\",\"target\":[\"https:\\\/\\\/finanztext.com\\\/de\\\/iw-ebook-subscription\\\/\"]}]},{\"@type\":\"BreadcrumbList\",\"@id\":\"https:\\\/\\\/finanztext.com\\\/de\\\/iw-ebook-subscription\\\/#breadcrumb\",\"itemListElement\":[{\"@type\":\"ListItem\",\"position\":1,\"name\":\"Home\",\"item\":\"https:\\\/\\\/finanztext.com\\\/de\\\/homepage\\\/\"},{\"@type\":\"ListItem\",\"position\":2,\"name\":\"Best\u00e4tigung &#8211; iw ebook\"}]},{\"@type\":\"WebSite\",\"@id\":\"https:\\\/\\\/finanztext.com\\\/de\\\/#website\",\"url\":\"https:\\\/\\\/finanztext.com\\\/de\\\/\",\"name\":\"Finanztext\",\"description\":\"Investment Writing, Content Marketing, Financial Translations\",\"potentialAction\":[{\"@type\":\"SearchAction\",\"target\":{\"@type\":\"EntryPoint\",\"urlTemplate\":\"https:\\\/\\\/finanztext.com\\\/de\\\/?s={search_term_string}\"},\"query-input\":{\"@type\":\"PropertyValueSpecification\",\"valueRequired\":true,\"valueName\":\"search_term_string\"}}],\"inLanguage\":\"de\"}]}<\/script>\n<!-- \/ Yoast SEO plugin. -->","yoast_head_json":{"title":"Financial Services Marketing Agentur - Finanztext","description":"\u00dcber Finanztext Digitalmarketing-Agentur Marketing f\u00fcr Asset Manager. Investment Management Marketing.","robots":{"index":"index","follow":"follow","max-snippet":"max-snippet:-1","max-image-preview":"max-image-preview:large","max-video-preview":"max-video-preview:-1"},"canonical":"https:\/\/finanztext.com\/de\/iw-ebook-subscription\/","og_locale":"de_DE","og_type":"article","og_title":"Financial Services Marketing Agentur - Finanztext","og_description":"\u00dcber Finanztext Digitalmarketing-Agentur Marketing f\u00fcr Asset Manager. Investment Management Marketing.","og_url":"https:\/\/finanztext.com\/de\/iw-ebook-subscription\/","og_site_name":"Finanztext","article_modified_time":"2024-08-08T13:48:12+00:00","twitter_card":"summary_large_image","twitter_misc":{"Gesch\u00e4tzte Lesezeit":"2\u00a0Minuten"},"schema":{"@context":"https:\/\/schema.org","@graph":[{"@type":"WebPage","@id":"https:\/\/finanztext.com\/de\/iw-ebook-subscription\/","url":"https:\/\/finanztext.com\/de\/iw-ebook-subscription\/","name":"Financial Services Marketing Agentur - Finanztext","isPartOf":{"@id":"https:\/\/finanztext.com\/de\/#website"},"datePublished":"2024-08-06T18:56:41+00:00","dateModified":"2024-08-08T13:48:12+00:00","description":"\u00dcber Finanztext Digitalmarketing-Agentur Marketing f\u00fcr Asset Manager. Investment Management Marketing.","breadcrumb":{"@id":"https:\/\/finanztext.com\/de\/iw-ebook-subscription\/#breadcrumb"},"inLanguage":"de","potentialAction":[{"@type":"ReadAction","target":["https:\/\/finanztext.com\/de\/iw-ebook-subscription\/"]}]},{"@type":"BreadcrumbList","@id":"https:\/\/finanztext.com\/de\/iw-ebook-subscription\/#breadcrumb","itemListElement":[{"@type":"ListItem","position":1,"name":"Home","item":"https:\/\/finanztext.com\/de\/homepage\/"},{"@type":"ListItem","position":2,"name":"Best\u00e4tigung &#8211; iw ebook"}]},{"@type":"WebSite","@id":"https:\/\/finanztext.com\/de\/#website","url":"https:\/\/finanztext.com\/de\/","name":"Finanztext","description":"Investment Writing, Content Marketing, Financial Translations","potentialAction":[{"@type":"SearchAction","target":{"@type":"EntryPoint","urlTemplate":"https:\/\/finanztext.com\/de\/?s={search_term_string}"},"query-input":{"@type":"PropertyValueSpecification","valueRequired":true,"valueName":"search_term_string"}}],"inLanguage":"de"}]}},"_links":{"self":[{"href":"https:\/\/finanztext.com\/de\/wp-json\/wp\/v2\/pages\/2675","targetHints":{"allow":["GET"]}}],"collection":[{"href":"https:\/\/finanztext.com\/de\/wp-json\/wp\/v2\/pages"}],"about":[{"href":"https:\/\/finanztext.com\/de\/wp-json\/wp\/v2\/types\/page"}],"author":[{"embeddable":true,"href":"https:\/\/finanztext.com\/de\/wp-json\/wp\/v2\/users\/6"}],"replies":[{"embeddable":true,"href":"https:\/\/finanztext.com\/de\/wp-json\/wp\/v2\/comments?post=2675"}],"version-history":[{"count":6,"href":"https:\/\/finanztext.com\/de\/wp-json\/wp\/v2\/pages\/2675\/revisions"}],"predecessor-version":[{"id":2739,"href":"https:\/\/finanztext.com\/de\/wp-json\/wp\/v2\/pages\/2675\/revisions\/2739"}],"wp:attachment":[{"href":"https:\/\/finanztext.com\/de\/wp-json\/wp\/v2\/media?parent=2675"}],"curies":[{"name":"wp","href":"https:\/\/api.w.org\/{rel}","templated":true}]}}